{"id":30,"date":"2025-08-02T18:52:31","date_gmt":"2025-08-02T18:52:31","guid":{"rendered":"http:\/\/auchampbio.com\/?page_id=30"},"modified":"2026-04-06T07:25:31","modified_gmt":"2026-04-06T07:25:31","slug":"qui-sommes-nous","status":"publish","type":"page","link":"http:\/\/auchampbio.com\/index.php\/qui-sommes-nous\/","title":{"rendered":"Qui sommes nous"},"content":{"rendered":"\n<figure itemscope itemtype=\"https:\/\/schema.org\/ImageObject\">\n\t\t\t\t<img decoding=\"async\" src=\"http:\/\/auchampbio.com\/wp-content\/uploads\/2025\/08\/DSC_0075_1-scaled.jpg\" alt=\"DSC_0075_1\" title=\"DSC_0075_1\" onerror=\"this.style.display='none'\" loading=\"lazy\" \/>\n\t<\/figure>\n\t<p>Nous, c&#8217;est Marie-Line et Clovis. Clovis est paysan depuis 2013, Marie-Line l&#8217;a rejoint en 2018. Ensemble, on cultive des l\u00e9gumes bio, surtout des navets et des carottes , mais aussi un peu de tout selon les saisons.<\/p>\n<p>Nos productions sont certifi\u00e9es Agriculture Biologique, et on aime faire les choses simplement et honn\u00eatement. On produit aussi du bl\u00e9, que l&#8217;on transforme en pain depuis mars 2026.<\/p>\n<p>Les l\u00e9gumes et le pain sont vendus en direct \u00e0 la ferme, sur commande, en libre-service dans notre cabane au bord de la route. Nous r\u00e9fl\u00e9chissons \u00e0 la cr\u00e9ation d&#8217;une boutique pour vous accueillir !<\/p>\n<p>&nbsp;<\/p>\n<p>On travaille avec la terre, le c\u0153ur et parfois la pluie, mais toujours avec le sourire.<\/p>\n\n","protected":false},"excerpt":{"rendered":"<p>Nous, c&#8217;est Marie-Line et Clovis. Clovis est paysan depuis 2013, Marie-Line l&#8217;a rejoint en 2018. Ensemble, on cultive des l\u00e9gumes bio, surtout des navets et des carottes , mais aussi un peu de tout selon les saisons. Nos productions sont certifi\u00e9es Agriculture Biologique, et on aime faire les choses simplement et honn\u00eatement. On produit aussi du bl\u00e9, que l&#8217;on transforme en pain depuis mars 2026. Les l\u00e9gumes et le pain sont vendus en direct \u00e0 la ferme, sur commande, en libre-service dans notre cabane au bord de la route. Nous r\u00e9fl\u00e9chissons \u00e0 la cr\u00e9ation d&#8217;une boutique pour vous accueillir ! &nbsp; On travaille avec la terre, le c\u0153ur et parfois la pluie, mais toujours avec le sourire.<\/p>\n","protected":false},"author":1,"featured_media":0,"parent":0,"menu_order":0,"comment_status":"closed","ping_status":"closed","template":"","meta":{"footnotes":""},"class_list":["post-30","page","type-page","status-publish","hentry"],"jetpack_sharing_enabled":true,"_links":{"self":[{"href":"http:\/\/auchampbio.com\/index.php\/wp-json\/wp\/v2\/pages\/30","targetHints":{"allow":["GET"]}}],"collection":[{"href":"http:\/\/auchampbio.com\/index.php\/wp-json\/wp\/v2\/pages"}],"about":[{"href":"http:\/\/auchampbio.com\/index.php\/wp-json\/wp\/v2\/types\/page"}],"author":[{"embeddable":true,"href":"http:\/\/auchampbio.com\/index.php\/wp-json\/wp\/v2\/users\/1"}],"replies":[{"embeddable":true,"href":"http:\/\/auchampbio.com\/index.php\/wp-json\/wp\/v2\/comments?post=30"}],"version-history":[{"count":5,"href":"http:\/\/auchampbio.com\/index.php\/wp-json\/wp\/v2\/pages\/30\/revisions"}],"predecessor-version":[{"id":96,"href":"http:\/\/auchampbio.com\/index.php\/wp-json\/wp\/v2\/pages\/30\/revisions\/96"}],"wp:attachment":[{"href":"http:\/\/auchampbio.com\/index.php\/wp-json\/wp\/v2\/media?parent=30"}],"curies":[{"name":"wp","href":"https:\/\/api.w.org\/{rel}","templated":true}]}}